{"id":174,"date":"2023-04-19T20:42:58","date_gmt":"2023-04-19T23:42:58","guid":{"rendered":"https:\/\/www.rolecarioca.com.br\/role-carioca\/MHN\/?page_id=174"},"modified":"2023-05-30T15:18:08","modified_gmt":"2023-05-30T18:18:08","slug":"sobre","status":"publish","type":"page","link":"https:\/\/www.rolecarioca.com.br\/role-carioca\/MHN\/","title":{"rendered":"Sobre"},"content":{"rendered":"\n<div class=\"wp-block-columns alignfull are-vertically-aligned-center has-ast-global-color-4-background-color has-background is-layout-flex wp-container-10\" style=\"margin-top:0;margin-bottom:0;padding-top:0;padding-right:0;padding-bottom:0;padding-left:0\">\n<div class=\"wp-block-column is-vertically-aligned-center is-layout-flow\" style=\"padding-top:0;padding-right:0;padding-bottom:0;padding-left:0;flex-basis:100%\">\n<div class=\"wp-block-cover alignfull is-light is-repeated\" style=\"padding-top:0;padding-right:0;padding-bottom:0;padding-left:0;min-height:100vh\"><span aria-hidden=\"true\" class=\"wp-block-cover__background has-background-dim-0 has-background-dim\"><\/span><div role=\"img\" class=\"wp-block-cover__image-background wp-image-355 is-repeated\" style=\"background-position:49% 51%;background-image:url(https:\/\/www.rolecarioca.com.br\/role-carioca\/MHN\/wp-content\/uploads\/2023\/04\/role_ilustra_bkg_logo-1024x697.png)\"><\/div><div class=\"wp-block-cover__inner-container\">\n<div class=\"wp-block-columns is-layout-flex wp-container-3\" style=\"margin-bottom:250px;padding-top:var(--wp--preset--spacing--20);padding-right:var(--wp--preset--spacing--20);padding-bottom:var(--wp--preset--spacing--20);padding-left:var(--wp--preset--spacing--20)\">\n<div class=\"wp-block-column is-layout-flow\" style=\"padding-top:30px;padding-bottom:50px;flex-basis:100%\">\n<div class=\"inherit-container-width wp-block-group is-layout-constrained\">\n<p class=\"has-text-align-center has-ast-global-color-8-color has-ast-global-color-4-background-color has-text-color has-background\"><strong>Minist\u00e9rio da Cultura, Prefeitura da Cidade do Rio de Janeiro, Secretaria Municipal de Cultura, Petrobras, White Martins e Est\u00fadio M&#8217;Barak\u00e1 apresentam, com o copatroc\u00ednio da Est\u00e1cio, do Instituto Yduqs e da First RH Group<\/strong><\/p>\n<\/div>\n<\/div>\n<\/div>\n\n\n\n<div class=\"wp-block-columns is-layout-flex wp-container-5\" style=\"border-radius:0px;margin-top:250px;margin-bottom:250px\">\n<div class=\"wp-block-column is-vertically-aligned-center is-layout-flow\" style=\"padding-top:0;padding-right:0;padding-bottom:0;padding-left:0;flex-basis:100%\">\n<figure class=\"wp-block-image aligncenter size-medium is-resized\"><img decoding=\"async\" loading=\"lazy\" src=\"https:\/\/www.rolecarioca.com.br\/role-carioca\/MHN\/wp-content\/uploads\/2023\/04\/role_logo_light-300x95.png\" alt=\"Logo Rol\u00e9\" class=\"wp-image-356\" width=\"246\" height=\"80\"\/><\/figure>\n<\/div>\n<\/div>\n\n\n\n<div class=\"inherit-container-width wp-block-group is-layout-constrained\">\n<div class=\"wp-block-columns is-layout-flex wp-container-7\">\n<div class=\"wp-block-column is-layout-flow\" style=\"flex-basis:100%\">\n<figure class=\"wp-block-image size-full is-resized\"><img decoding=\"async\" loading=\"lazy\" src=\"https:\/\/www.rolecarioca.com.br\/role-carioca\/MHN\/wp-content\/uploads\/2023\/04\/role_logo_petrobras.png\" alt=\"\" class=\"wp-image-358\" width=\"256\" height=\"126\" srcset=\"https:\/\/www.rolecarioca.com.br\/role-carioca\/MHN\/wp-content\/uploads\/2023\/04\/role_logo_petrobras.png 512w, https:\/\/www.rolecarioca.com.br\/role-carioca\/MHN\/wp-content\/uploads\/2023\/04\/role_logo_petrobras-300x147.png 300w\" sizes=\"(max-width: 256px) 100vw, 256px\" \/><\/figure>\n<\/div>\n<\/div>\n<\/div>\n<\/div><\/div>\n<\/div>\n<\/div>\n\n\n\n<div class=\"wp-block-columns alignfull has-ast-global-color-5-background-color has-background is-layout-flex wp-container-14\" id=\"sobre\" style=\"padding-top:0;padding-right:0;padding-bottom:0;padding-left:0\">\n<div class=\"wp-block-column is-vertically-aligned-center is-layout-flow\" style=\"flex-basis:100%\">\n<div class=\"wp-block-cover alignfull is-light has-custom-content-position is-position-top-left\" style=\"padding-top:0;padding-right:0;padding-bottom:0;padding-left:0;min-height:100vh\"><span aria-hidden=\"true\" class=\"wp-block-cover__background has-background-dim-0 has-background-dim\"><\/span><img decoding=\"async\" loading=\"lazy\" width=\"1920\" height=\"973\" class=\"wp-block-cover__image-background wp-image-344\" alt=\"\" src=\"https:\/\/www.rolecarioca.com.br\/role-carioca\/MHN\/wp-content\/uploads\/2023\/04\/role_museu.png\" style=\"object-position:93% 89%\" data-object-fit=\"cover\" data-object-position=\"93% 89%\" srcset=\"https:\/\/www.rolecarioca.com.br\/role-carioca\/MHN\/wp-content\/uploads\/2023\/04\/role_museu.png 1920w, https:\/\/www.rolecarioca.com.br\/role-carioca\/MHN\/wp-content\/uploads\/2023\/04\/role_museu-300x152.png 300w, https:\/\/www.rolecarioca.com.br\/role-carioca\/MHN\/wp-content\/uploads\/2023\/04\/role_museu-1024x519.png 1024w, https:\/\/www.rolecarioca.com.br\/role-carioca\/MHN\/wp-content\/uploads\/2023\/04\/role_museu-768x389.png 768w, https:\/\/www.rolecarioca.com.br\/role-carioca\/MHN\/wp-content\/uploads\/2023\/04\/role_museu-1536x778.png 1536w\" sizes=\"(max-width: 1920px) 100vw, 1920px\" \/><div class=\"wp-block-cover__inner-container\">\n<div class=\"wp-block-columns alignfull has-ast-global-color-2-color has-text-color is-layout-flex wp-container-12\" style=\"padding-top:var(--wp--preset--spacing--40);padding-right:0;padding-bottom:0;padding-left:var(--wp--preset--spacing--60)\">\n<div class=\"wp-block-column is-vertically-aligned-top has-ast-global-color-1-background-color has-background is-layout-flow\" style=\"padding-top:var(--wp--preset--spacing--50);padding-right:var(--wp--preset--spacing--50);padding-bottom:var(--wp--preset--spacing--50);padding-left:var(--wp--preset--spacing--50);flex-basis:66.66%\">\n<h2 class=\"wp-block-heading has-white-color has-text-color has-x-large-font-size\" style=\"font-style:normal;font-weight:700;text-transform:uppercase\">SOBRE<\/h2>\n\n\n\n<p class=\"has-ast-global-color-2-color has-text-color\">Por meio da Chamada Petrobras Cultural M\u00faltiplas Express\u00f5es 2022, o Rol\u00e9 prop\u00f5e uma visita decolonial ao Museu Hist\u00f3rico Nacional, que completou 100 anos. A partir do rico acervo do museu, \u00e9 poss\u00edvel contar a hist\u00f3ria que a hist\u00f3ria n\u00e3o conta, valorizando momentos e personagens a partir de outras lentes. Esse ambiente digital re\u00fane alguns dos assuntos abordados pelo Rol\u00e9, com uma sele\u00e7\u00e3o de obras que podem ser observadas junto a conte\u00fados especiais sobre cada uma delas. Ainda \u00e9 poss\u00edvel reorganizar a hist\u00f3ria, testando seus conhecimentos \u00e0 partir da ordena\u00e7\u00e3o de alguns momentos importantes para o pa\u00eds. Por fim, para que todo mundo possa dar esse Rol\u00e9 v\u00e1rias vezes, dois v\u00eddeos com entrevistas e olhares essenciais sobre a decolonialidade. Bora dar esse Rol\u00e9! <\/p>\n\n\n\n<p class=\"has-ast-global-color-2-color has-text-color\">A edi\u00e7\u00e3o de 2023 conta com o patroc\u00ednio da Petrobras e White Martins, e realiza\u00e7\u00e3o do Minist\u00e9rio da Cultura e do Governo Federal Uni\u00e3o e Reconstru\u00e7\u00e3o; patroc\u00ednio por meio da Lei Municipal de Incentivo \u00e0 Cultura &#8211; Lei do ISS, da Secretaria Municipal de Cultura da Prefeitura do Rio de Janeiro e copatroc\u00ednio da Est\u00e1cio, do Instituto Yduqs, e da First RH Group.<\/p>\n<\/div>\n<\/div>\n<\/div><\/div>\n<\/div>\n<\/div>\n","protected":false},"excerpt":{"rendered":"","protected":false},"author":1,"featured_media":0,"parent":0,"menu_order":0,"comment_status":"closed","ping_status":"closed","template":"","meta":{"site-sidebar-layout":"no-sidebar","site-content-layout":"plain-container","ast-global-header-display":"","ast-main-header-display":"","ast-hfb-above-header-display":"","ast-hfb-below-header-display":"","ast-hfb-mobile-header-display":"","site-post-title":"","ast-breadcrumbs-content":"","ast-featured-img":"","footer-sml-layout":"","theme-transparent-header-meta":"","adv-header-id-meta":"","stick-header-meta":"","header-above-stick-meta":"","header-main-stick-meta":"","header-below-stick-meta":""},"_links":{"self":[{"href":"https:\/\/www.rolecarioca.com.br\/role-carioca\/MHN\/wp-json\/wp\/v2\/pages\/174"}],"collection":[{"href":"https:\/\/www.rolecarioca.com.br\/role-carioca\/MHN\/wp-json\/wp\/v2\/pages"}],"about":[{"href":"https:\/\/www.rolecarioca.com.br\/role-carioca\/MHN\/wp-json\/wp\/v2\/types\/page"}],"author":[{"embeddable":true,"href":"https:\/\/www.rolecarioca.com.br\/role-carioca\/MHN\/wp-json\/wp\/v2\/users\/1"}],"replies":[{"embeddable":true,"href":"https:\/\/www.rolecarioca.com.br\/role-carioca\/MHN\/wp-json\/wp\/v2\/comments?post=174"}],"version-history":[{"count":57,"href":"https:\/\/www.rolecarioca.com.br\/role-carioca\/MHN\/wp-json\/wp\/v2\/pages\/174\/revisions"}],"predecessor-version":[{"id":616,"href":"https:\/\/www.rolecarioca.com.br\/role-carioca\/MHN\/wp-json\/wp\/v2\/pages\/174\/revisions\/616"}],"wp:attachment":[{"href":"https:\/\/www.rolecarioca.com.br\/role-carioca\/MHN\/wp-json\/wp\/v2\/media?parent=174"}],"curies":[{"name":"wp","href":"https:\/\/api.w.org\/{rel}","templated":true}]}}