{"id":177,"date":"2023-04-19T20:43:58","date_gmt":"2023-04-19T23:43:58","guid":{"rendered":"https:\/\/www.rolecarioca.com.br\/role-carioca\/MHN\/?page_id=177"},"modified":"2023-05-26T17:08:45","modified_gmt":"2023-05-26T20:08:45","slug":"suas-memorias-no-museu","status":"publish","type":"page","link":"https:\/\/www.rolecarioca.com.br\/role-carioca\/MHN\/suas-memorias-no-museu\/","title":{"rendered":"Suas Mem\u00f3rias No Museu"},"content":{"rendered":"\n<div class=\"wp-block-columns is-layout-flex wp-container-5\">\n<div class=\"wp-block-column is-layout-flow\" style=\"flex-basis:35%\">\n<figure class=\"wp-block-image alignfull size-full has-custom-border is-style-default\"><img decoding=\"async\" loading=\"lazy\" width=\"473\" height=\"841\" src=\"https:\/\/www.rolecarioca.com.br\/role-carioca\/MHN\/wp-content\/uploads\/2023\/05\/ilustras-mate-edited.png\" alt=\"ilustra\u00e7\u00e3o vendedor de mate\" class=\"wp-image-533\" style=\"border-style:none;border-width:0px;border-radius:0px\" srcset=\"https:\/\/www.rolecarioca.com.br\/role-carioca\/MHN\/wp-content\/uploads\/2023\/05\/ilustras-mate-edited.png 473w, https:\/\/www.rolecarioca.com.br\/role-carioca\/MHN\/wp-content\/uploads\/2023\/05\/ilustras-mate-edited-169x300.png 169w\" sizes=\"(max-width: 473px) 100vw, 473px\" \/><\/figure>\n<\/div>\n\n\n\n<div class=\"wp-block-column has-small-font-size is-layout-flow\" style=\"border-style:none;border-width:0px;padding-top:0;padding-right:0;padding-bottom:0;padding-left:0;flex-basis:60%\">\n<div class=\"inherit-container-width wp-block-group is-layout-constrained wp-container-3\" style=\"margin-top:0;margin-bottom:0;padding-top:var(--wp--preset--spacing--50);padding-right:0;padding-bottom:var(--wp--preset--spacing--60);padding-left:0\">\n<div class=\"inherit-container-width wp-block-group is-layout-constrained\">\n<h2 class=\"wp-block-heading has-text-align-center has-ast-global-color-1-background-color has-background has-large-font-size\" style=\"margin-top:0;margin-right:0;margin-bottom:0;margin-left:0;padding-top:var(--wp--preset--spacing--50);padding-right:0;padding-bottom:var(--wp--preset--spacing--50);padding-left:0\">Compartilhe suas mem\u00f3rias<\/h2>\n\n\n\n<p class=\"has-text-align-center has-ast-global-color-1-background-color has-background has-medium-font-size\" style=\"margin-top:0;margin-right:0;margin-bottom:0;margin-left:0;padding-top:0;padding-right:0;padding-bottom:0;padding-left:0\">Depois de ver que a hist\u00f3ria nem sempre \u00e9 contada por<br>Diferentes narrativas, convidamos voc\u00ea a colocar<br>Mem\u00f3rias, causos, afetos com a cidade e mais no<br>Nosso museu colaborativo de mem\u00f3rias do rol\u00e9!<br>&nbsp;<\/p>\n<\/div>\n\n\n\n<figure class=\"wp-block-image alignfull size-large\"><a href=\"https:\/\/www.rolecarioca.com.br\/mapa\/\"><img decoding=\"async\" loading=\"lazy\" width=\"1024\" height=\"561\" src=\"https:\/\/www.rolecarioca.com.br\/role-carioca\/MHN\/wp-content\/uploads\/2023\/05\/map-1-1024x561.png\" alt=\"mapa de memorias\" class=\"wp-image-479\" srcset=\"https:\/\/www.rolecarioca.com.br\/role-carioca\/MHN\/wp-content\/uploads\/2023\/05\/map-1-1024x561.png 1024w, https:\/\/www.rolecarioca.com.br\/role-carioca\/MHN\/wp-content\/uploads\/2023\/05\/map-1-300x164.png 300w, https:\/\/www.rolecarioca.com.br\/role-carioca\/MHN\/wp-content\/uploads\/2023\/05\/map-1-768x421.png 768w, https:\/\/www.rolecarioca.com.br\/role-carioca\/MHN\/wp-content\/uploads\/2023\/05\/map-1.png 1223w\" sizes=\"(max-width: 1024px) 100vw, 1024px\" \/><\/a><\/figure>\n<\/div>\n<\/div>\n<\/div>\n","protected":false},"excerpt":{"rendered":"<p>Compartilhe suas mem\u00f3rias Depois de ver que a hist\u00f3ria nem sempre \u00e9 contada porDiferentes narrativas, convidamos voc\u00ea a colocarMem\u00f3rias, causos, afetos com a cidade e mais noNosso museu colaborativo de mem\u00f3rias do rol\u00e9!&nbsp;<\/p>\n","protected":false},"author":1,"featured_media":0,"parent":0,"menu_order":0,"comment_status":"closed","ping_status":"closed","template":"","meta":{"site-sidebar-layout":"default","site-content-layout":"default","ast-global-header-display":"","ast-main-header-display":"","ast-hfb-above-header-display":"","ast-hfb-below-header-display":"","ast-hfb-mobile-header-display":"","site-post-title":"","ast-breadcrumbs-content":"","ast-featured-img":"","footer-sml-layout":"","theme-transparent-header-meta":"","adv-header-id-meta":"","stick-header-meta":"","header-above-stick-meta":"","header-main-stick-meta":"","header-below-stick-meta":""},"_links":{"self":[{"href":"https:\/\/www.rolecarioca.com.br\/role-carioca\/MHN\/wp-json\/wp\/v2\/pages\/177"}],"collection":[{"href":"https:\/\/www.rolecarioca.com.br\/role-carioca\/MHN\/wp-json\/wp\/v2\/pages"}],"about":[{"href":"https:\/\/www.rolecarioca.com.br\/role-carioca\/MHN\/wp-json\/wp\/v2\/types\/page"}],"author":[{"embeddable":true,"href":"https:\/\/www.rolecarioca.com.br\/role-carioca\/MHN\/wp-json\/wp\/v2\/users\/1"}],"replies":[{"embeddable":true,"href":"https:\/\/www.rolecarioca.com.br\/role-carioca\/MHN\/wp-json\/wp\/v2\/comments?post=177"}],"version-history":[{"count":44,"href":"https:\/\/www.rolecarioca.com.br\/role-carioca\/MHN\/wp-json\/wp\/v2\/pages\/177\/revisions"}],"predecessor-version":[{"id":615,"href":"https:\/\/www.rolecarioca.com.br\/role-carioca\/MHN\/wp-json\/wp\/v2\/pages\/177\/revisions\/615"}],"wp:attachment":[{"href":"https:\/\/www.rolecarioca.com.br\/role-carioca\/MHN\/wp-json\/wp\/v2\/media?parent=177"}],"curies":[{"name":"wp","href":"https:\/\/api.w.org\/{rel}","templated":true}]}}