{"id":184,"date":"2023-04-19T20:46:52","date_gmt":"2023-04-19T23:46:52","guid":{"rendered":"https:\/\/www.rolecarioca.com.br\/role-carioca\/MHN\/?page_id=184"},"modified":"2023-05-19T11:43:27","modified_gmt":"2023-05-19T14:43:27","slug":"jogo","status":"publish","type":"page","link":"https:\/\/www.rolecarioca.com.br\/role-carioca\/MHN\/jogo\/","title":{"rendered":"Jogo"},"content":{"rendered":"\n<div class=\"wp-block-columns has-background is-layout-flex wp-container-2\" style=\"background-color:#ce86b9\">\n<div class=\"wp-block-column is-layout-flow\" style=\"padding-top:0;padding-right:0;padding-bottom:0;padding-left:0;flex-basis:100%\">\n<p class=\"has-medium-font-size\" id=\"intro-text\"><strong>Vem com a gente organizar a Hist\u00f3ria! Chegou a hora de por a m\u00e3o na massa e colocar em ordem de acontecimentos alguns momentos que mudaram o Brasil. Desde o primeiro resqu\u00edcio de seres humanos por aqui at\u00e9 a Cria\u00e7\u00e3o do Museu Hist\u00f3rico Nacional, tem muito Rol\u00e9 pra conhecer!<\/strong><\/p>\n<\/div>\n<\/div>\n\n\n\n<div class=\"wp-block-columns are-vertically-aligned-top has-background is-layout-flex wp-container-6\" style=\"background-color:#ce86b9\">\n<div class=\"wp-block-column is-vertically-aligned-top is-layout-flow\" style=\"flex-basis:33.33%\" id=\"intro-game\">\n<h2 class=\"wp-block-heading\">Como jogar<\/h2>\n\n\n\n<p>As cartas ser\u00e3o embaralhadas e uma delas vai para o tabuleiro como dica. Preste aten\u00e7\u00e3o nas informa\u00e7\u00f5es que a carta te d\u00e1 para ao selecionar outra, posiciona-l\u00e1 antes ou depois, de acordo com o per\u00edodo hist\u00f3rico. Se voc\u00ea acertar, ganha mais informa\u00e7\u00e3o sobre esse fato hist\u00f3rico, se errar&#8230; tenta de novo! A cada rodada, dicas diferentes sobre as mesmas cartas aparecem, ent\u00e3o vale jogar v\u00e1rias vezes!!<\/p>\n\n\n\n<div class=\"wp-block-buttons is-layout-flex\">\n<div class=\"wp-block-button\" id=\"start-game\"><a class=\"wp-block-button__link wp-element-button\">COME\u00c7AR JOGO<\/a><\/div>\n<\/div>\n<\/div>\n\n\n\n<div class=\"wp-block-column is-vertically-aligned-top is-layout-flow\" style=\"flex-basis:66.66%\">\n<figure class=\"wp-block-image size-large is-resized\" id=\"intro-img-game\"><img decoding=\"async\" loading=\"lazy\" src=\"https:\/\/www.rolecarioca.com.br\/role-carioca\/MHN\/wp-content\/uploads\/2023\/04\/Group-21-1024x727.png\" alt=\"\" class=\"wp-image-149\" width=\"720\" height=\"509\" title=\"\"\/><\/figure>\n<\/div>\n<\/div>\n\n\n\n<div class=\"inherit-container-width wp-block-group alignfull is-layout-constrained\">\n<script src=\"https:\/\/code.jquery.com\/jquery-3.6.0.js\"><\/script>\n<script src=\"https:\/\/code.jquery.com\/ui\/1.13.2\/jquery-ui.js\"><\/script>\n<script src=\"..\/scripts\/jquery.ui.touch-punch.min.js\"><\/script>\n<script src=\"..\/scripts\/game.js\"><\/script>\n<link rel=\"stylesheet\" href=\"..\/scripts\/styles.css\">\n<div id=\"board\"><\/div>\n<\/div>\n\n\n\n<div class=\"wp-block-columns alignfull has-ast-global-color-1-background-color has-background is-layout-flex wp-container-12\" id=\"victory-message\">\n<div class=\"wp-block-column has-ast-global-color-1-background-color has-background is-layout-flow\" style=\"flex-basis:33.34%\">\n<figure class=\"wp-block-image size-full\"><img decoding=\"async\" loading=\"lazy\" width=\"351\" height=\"623\" src=\"https:\/\/www.rolecarioca.com.br\/role-carioca\/MHN\/wp-content\/uploads\/2023\/05\/img_role_vitoria_02.png\" alt=\"\" class=\"wp-image-526\" srcset=\"https:\/\/www.rolecarioca.com.br\/role-carioca\/MHN\/wp-content\/uploads\/2023\/05\/img_role_vitoria_02.png 351w, https:\/\/www.rolecarioca.com.br\/role-carioca\/MHN\/wp-content\/uploads\/2023\/05\/img_role_vitoria_02-169x300.png 169w\" sizes=\"(max-width: 351px) 100vw, 351px\" \/><\/figure>\n<\/div>\n\n\n\n<div class=\"wp-block-column is-vertically-aligned-center is-layout-flow\" style=\"flex-basis:33.34%\">\n<h2 class=\"wp-block-heading has-text-align-center has-x-large-font-size\">PARAB\u00c9NS!<\/h2>\n\n\n\n<p class=\"has-text-align-center has-background has-large-font-size\" style=\"background-color:#3eb54a;margin-top:0;margin-right:0;margin-bottom:0;margin-left:0;padding-top:var(--wp--preset--spacing--30);padding-right:var(--wp--preset--spacing--30);padding-bottom:var(--wp--preset--spacing--30);padding-left:var(--wp--preset--spacing--30)\">Voc\u00ea venceu o jogo<\/p>\n\n\n\n<div class=\"wp-block-buttons is-content-justification-center is-layout-flex wp-container-9\">\n<div class=\"wp-block-button\" id=\"play-again\"><a class=\"wp-block-button__link wp-element-button\">embaralhe para novas cartas e mais hist\u00f3rias<\/a><\/div>\n<\/div>\n<\/div>\n\n\n\n<div class=\"wp-block-column is-layout-flow\" style=\"flex-basis:33.33%\">\n<figure class=\"wp-block-image size-full\"><img decoding=\"async\" loading=\"lazy\" width=\"261\" height=\"624\" src=\"https:\/\/www.rolecarioca.com.br\/role-carioca\/MHN\/wp-content\/uploads\/2023\/05\/img_role_vitoria_01.png\" alt=\"\" class=\"wp-image-527\" srcset=\"https:\/\/www.rolecarioca.com.br\/role-carioca\/MHN\/wp-content\/uploads\/2023\/05\/img_role_vitoria_01.png 261w, https:\/\/www.rolecarioca.com.br\/role-carioca\/MHN\/wp-content\/uploads\/2023\/05\/img_role_vitoria_01-125x300.png 125w\" sizes=\"(max-width: 261px) 100vw, 261px\" \/><\/figure>\n<\/div>\n<\/div>\n","protected":false},"excerpt":{"rendered":"<p>Vem com a gente organizar a Hist\u00f3ria! Chegou a hora de por a m\u00e3o na massa e colocar em ordem de acontecimentos alguns momentos que mudaram o Brasil. Desde o primeiro resqu\u00edcio de seres humanos por aqui at\u00e9 a Cria\u00e7\u00e3o do Museu Hist\u00f3rico Nacional, tem muito Rol\u00e9 pra conhecer! Como jogar As cartas ser\u00e3o embaralhadas &hellip;<\/p>\n<p class=\"read-more\"> <a class=\"\" href=\"https:\/\/www.rolecarioca.com.br\/role-carioca\/MHN\/jogo\/\"> <span class=\"screen-reader-text\">Jogo<\/span> Leia mais &raquo;<\/a><\/p>\n","protected":false},"author":1,"featured_media":0,"parent":0,"menu_order":0,"comment_status":"closed","ping_status":"closed","template":"","meta":{"site-sidebar-layout":"default","site-content-layout":"default","ast-global-header-display":"","ast-main-header-display":"","ast-hfb-above-header-display":"","ast-hfb-below-header-display":"","ast-hfb-mobile-header-display":"","site-post-title":"","ast-breadcrumbs-content":"","ast-featured-img":"","footer-sml-layout":"","theme-transparent-header-meta":"","adv-header-id-meta":"","stick-header-meta":"","header-above-stick-meta":"","header-main-stick-meta":"","header-below-stick-meta":""},"_links":{"self":[{"href":"https:\/\/www.rolecarioca.com.br\/role-carioca\/MHN\/wp-json\/wp\/v2\/pages\/184"}],"collection":[{"href":"https:\/\/www.rolecarioca.com.br\/role-carioca\/MHN\/wp-json\/wp\/v2\/pages"}],"about":[{"href":"https:\/\/www.rolecarioca.com.br\/role-carioca\/MHN\/wp-json\/wp\/v2\/types\/page"}],"author":[{"embeddable":true,"href":"https:\/\/www.rolecarioca.com.br\/role-carioca\/MHN\/wp-json\/wp\/v2\/users\/1"}],"replies":[{"embeddable":true,"href":"https:\/\/www.rolecarioca.com.br\/role-carioca\/MHN\/wp-json\/wp\/v2\/comments?post=184"}],"version-history":[{"count":48,"href":"https:\/\/www.rolecarioca.com.br\/role-carioca\/MHN\/wp-json\/wp\/v2\/pages\/184\/revisions"}],"predecessor-version":[{"id":612,"href":"https:\/\/www.rolecarioca.com.br\/role-carioca\/MHN\/wp-json\/wp\/v2\/pages\/184\/revisions\/612"}],"wp:attachment":[{"href":"https:\/\/www.rolecarioca.com.br\/role-carioca\/MHN\/wp-json\/wp\/v2\/media?parent=184"}],"curies":[{"name":"wp","href":"https:\/\/api.w.org\/{rel}","templated":true}]}}